{"id":86,"date":"2020-12-16T12:52:21","date_gmt":"2020-12-16T12:52:21","guid":{"rendered":"http:\/\/www.aneta.jetzt\/?page_id=86"},"modified":"2020-12-17T23:50:08","modified_gmt":"2020-12-17T23:50:08","slug":"postapokalyptische-geste","status":"publish","type":"page","link":"http:\/\/www.aneta.jetzt\/?page_id=86","title":{"rendered":"Postapokalyptische Geste"},"content":{"rendered":"\n<div class=\"wp-block-media-text alignwide is-stacked-on-mobile\"><figure class=\"wp-block-media-text__media\"><img loading=\"lazy\" decoding=\"async\" width=\"1024\" height=\"743\" src=\"http:\/\/www.aneta.jetzt\/wp-content\/uploads\/2020\/12\/PostapokalyptischeGeste_web.jpg\" alt=\"\" class=\"wp-image-69 size-full\" srcset=\"http:\/\/www.aneta.jetzt\/wp-content\/uploads\/2020\/12\/PostapokalyptischeGeste_web.jpg 1024w, http:\/\/www.aneta.jetzt\/wp-content\/uploads\/2020\/12\/PostapokalyptischeGeste_web-300x218.jpg 300w, http:\/\/www.aneta.jetzt\/wp-content\/uploads\/2020\/12\/PostapokalyptischeGeste_web-768x557.jpg 768w\" sizes=\"auto, (max-width: 1024px) 100vw, 1024px\" \/><\/figure><div class=\"wp-block-media-text__content\">\n<h3 class=\"wp-block-heading\">Finding words for Fear<\/h3>\n\n\n\n<p>\u201ePostapokalyptische Geste\u201c \u2013 Stummfilm, entstanden in der Auseinandersetzung mit Formen des Theaters und Landschaft in Film ver\u00f6ffentlicht im mumok Kino<\/p>\n\n\n\n<p>behandelt thematisch die R\u00e4ume zwischen&nbsp;<em>ausstrahlender Position&nbsp;<\/em>(Sendung) \u2013 Sprache \u2013 Symbol und Zeitlichkeit<\/p>\n\n\n\n<p>M\u00e4rz 2019<\/p>\n<\/div><\/div>\n\n\n\n<p>Einsiedlerkrebse liegen Ton in Ton auf Steinen und bilden eine Landschaft. F\u00fcr das lebende Tier, das zun\u00e4chst wie ein Objekt wirkt, zu einem Stillleben hingestellt ist, beginnt der \u00dcberlebenskampf und es wird zum Akteur in der Zeitlichkeit einer Regie, sowie in einer in Sprache und Wahrnehmung unausdr\u00fccklichen Geschichte. Die Geschichte der Angst.<\/p>\n\n\n\n<p>Den Prozess meiner Arbeiten begleitet die Thematisierung von Inneren, sogenannten psychologischen Abl\u00e4ufen sowie dem Nachempfinden oder Nachstellen eines Sekundenstils (f\u00fcr eine entschleunigte Wahrnehmung, oder das Jetzt-Erleben) bzw. der individuellen Wahrnehmungsweise.<\/p>\n\n\n\n<p>\/\/\/\/\/\/\/\/<\/p>\n\n\n\n<p>Postapokalyptische Szenarien erz\u00e4hlen von einer dunklen Zukunft, von sozialen, \u00f6kologischen und \u00f6konomischen Katastrophen und einem Horizont, der dem Menschen einen nur fl\u00fcchtigen Moment in der geologischen Zeit zuweist. Es sind Erz\u00e4hlungen, in denen fiktionale und faktische, projizierte und erfahrene Bedrohungen unaufl\u00f6sbar verflochten scheinen, w\u00e4hrend das Narrativ der Moderne fortgeschrieben wird: als Narrativ eines Selbst, dem sein Ort in dieser Welt abhandengekommen ist und dem das Selbstverst\u00e4ndnis seines Handelns, sein Zweck, in der Ankunft einer neuen Zeit ungeheuer wird. Unentzifferbar verliert und gewinnt sich Leben in Gesten. Die Geste unterbricht die Erz\u00e4hlung; indem sie diese zitiert, verfremdet sie das Gegebene. Wo finden wir Gesten? In der fragmentierten Wirklichkeit und den Klischees ihrer Erz\u00e4hlungen.<\/p>\n\n\n\n<p>Tempor\u00e4re Ausstellung und Pr\u00e4sentation der Publikation\u00a0<em>Postapocalyptic Self-Reflection\u00a0<\/em>(Wien:\u00a0<a href=\"http:\/\/www.westphalie.com\/\">Westphalie Verlag<\/a>\u00a02019), vorgestellt von Tanja Widmann gemeinsam mit Laura Preston, David Jourdan und (ehemaligen) Studierenden der Universit\u00e4t f\u00fcr angewandte Kunst und der\u00a0Akademie der bildenden K\u00fcnste Wien: Julia Aichinger, Viktoria Bayer, Magda Barthofer, Lisa Braid, Paul Buschnegg, Laura Egger-Karlegger, Maria F\u00f6\u00dfl, Kelly Ann Gardener, Sylvia Hirschvogel, Aneta Luberda, Loris Sultano, Sophia Widmann, Anna Weisser. Als Format konzipiert in Zusammenarbeit mit Manuela Ammer und Johannes Porsch.<\/p>\n","protected":false},"excerpt":{"rendered":"<p>Finding words for Fear \u201ePostapokalyptische Geste\u201c \u2013 Stummfilm, entstanden in der Auseinandersetzung mit Formen des Theaters und Landschaft in Film ver\u00f6ffentlicht im mumok Kino behandelt thematisch die R\u00e4ume zwischen&nbsp;ausstrahlender Position&nbsp;(Sendung) \u2013 Sprache \u2013 Symbol und Zeitlichkeit M\u00e4rz 2019 Einsiedlerkrebse liegen Ton in Ton auf Steinen und bilden eine Landschaft. F\u00fcr das lebende Tier, das zun\u00e4chst &hellip; <\/p>\n","protected":false},"author":1,"featured_media":67,"parent":0,"menu_order":0,"comment_status":"closed","ping_status":"closed","template":"","meta":{"footnotes":""},"class_list":["post-86","page","type-page","status-publish","has-post-thumbnail","hentry"],"yoast_head":"<!-- This site is optimized with the Yoast SEO plugin v24.9 - https:\/\/yoast.com\/wordpress\/plugins\/seo\/ -->\n<title>Postapokalyptische Geste - Living Picture<\/title>\n<meta name=\"robots\" content=\"index, follow, max-snippet:-1, max-image-preview:large, max-video-preview:-1\" \/>\n<link rel=\"canonical\" href=\"http:\/\/www.aneta.jetzt\/?page_id=86\" \/>\n<meta property=\"og:locale\" content=\"de_DE\" \/>\n<meta property=\"og:type\" content=\"article\" \/>\n<meta property=\"og:title\" content=\"Postapokalyptische Geste - Living Picture\" \/>\n<meta property=\"og:description\" content=\"Finding words for Fear \u201ePostapokalyptische Geste\u201c \u2013 Stummfilm, entstanden in der Auseinandersetzung mit Formen des Theaters und Landschaft in Film ver\u00f6ffentlicht im mumok Kino behandelt thematisch die R\u00e4ume zwischen&nbsp;ausstrahlender Position&nbsp;(Sendung) \u2013 Sprache \u2013 Symbol und Zeitlichkeit M\u00e4rz 2019 Einsiedlerkrebse liegen Ton in Ton auf Steinen und bilden eine Landschaft. F\u00fcr das lebende Tier, das zun\u00e4chst &hellip;\" \/>\n<meta property=\"og:url\" content=\"http:\/\/www.aneta.jetzt\/?page_id=86\" \/>\n<meta property=\"og:site_name\" content=\"Living Picture\" \/>\n<meta property=\"article:modified_time\" content=\"2020-12-17T23:50:08+00:00\" \/>\n<meta property=\"og:image\" content=\"http:\/\/www.aneta.jetzt\/wp-content\/uploads\/2020\/12\/PostapokalyptischeGesteTV_web.jpg\" \/>\n\t<meta property=\"og:image:width\" content=\"1024\" \/>\n\t<meta property=\"og:image:height\" content=\"743\" \/>\n\t<meta property=\"og:image:type\" content=\"image\/jpeg\" \/>\n<meta name=\"twitter:card\" content=\"summary_large_image\" \/>\n<meta name=\"twitter:label1\" content=\"Gesch\u00e4tzte Lesezeit\" \/>\n\t<meta name=\"twitter:data1\" content=\"2\u00a0Minuten\" \/>\n<script type=\"application\/ld+json\" class=\"yoast-schema-graph\">{\"@context\":\"https:\/\/schema.org\",\"@graph\":[{\"@type\":\"WebPage\",\"@id\":\"http:\/\/www.aneta.jetzt\/?page_id=86\",\"url\":\"http:\/\/www.aneta.jetzt\/?page_id=86\",\"name\":\"Postapokalyptische Geste - Living Picture\",\"isPartOf\":{\"@id\":\"http:\/\/www.aneta.jetzt\/#website\"},\"primaryImageOfPage\":{\"@id\":\"http:\/\/www.aneta.jetzt\/?page_id=86#primaryimage\"},\"image\":{\"@id\":\"http:\/\/www.aneta.jetzt\/?page_id=86#primaryimage\"},\"thumbnailUrl\":\"http:\/\/www.aneta.jetzt\/wp-content\/uploads\/2020\/12\/PostapokalyptischeGesteTV_web.jpg\",\"datePublished\":\"2020-12-16T12:52:21+00:00\",\"dateModified\":\"2020-12-17T23:50:08+00:00\",\"breadcrumb\":{\"@id\":\"http:\/\/www.aneta.jetzt\/?page_id=86#breadcrumb\"},\"inLanguage\":\"de\",\"potentialAction\":[{\"@type\":\"ReadAction\",\"target\":[\"http:\/\/www.aneta.jetzt\/?page_id=86\"]}]},{\"@type\":\"ImageObject\",\"inLanguage\":\"de\",\"@id\":\"http:\/\/www.aneta.jetzt\/?page_id=86#primaryimage\",\"url\":\"http:\/\/www.aneta.jetzt\/wp-content\/uploads\/2020\/12\/PostapokalyptischeGesteTV_web.jpg\",\"contentUrl\":\"http:\/\/www.aneta.jetzt\/wp-content\/uploads\/2020\/12\/PostapokalyptischeGesteTV_web.jpg\",\"width\":1024,\"height\":743},{\"@type\":\"BreadcrumbList\",\"@id\":\"http:\/\/www.aneta.jetzt\/?page_id=86#breadcrumb\",\"itemListElement\":[{\"@type\":\"ListItem\",\"position\":1,\"name\":\"Startseite\",\"item\":\"http:\/\/www.aneta.jetzt\/\"},{\"@type\":\"ListItem\",\"position\":2,\"name\":\"Postapokalyptische Geste\"}]},{\"@type\":\"WebSite\",\"@id\":\"http:\/\/www.aneta.jetzt\/#website\",\"url\":\"http:\/\/www.aneta.jetzt\/\",\"name\":\"Living Picture\",\"description\":\"\",\"publisher\":{\"@id\":\"http:\/\/www.aneta.jetzt\/#\/schema\/person\/4ea909d89f15635d963dca48fc874a84\"},\"potentialAction\":[{\"@type\":\"SearchAction\",\"target\":{\"@type\":\"EntryPoint\",\"urlTemplate\":\"http:\/\/www.aneta.jetzt\/?s={search_term_string}\"},\"query-input\":{\"@type\":\"PropertyValueSpecification\",\"valueRequired\":true,\"valueName\":\"search_term_string\"}}],\"inLanguage\":\"de\"},{\"@type\":[\"Person\",\"Organization\"],\"@id\":\"http:\/\/www.aneta.jetzt\/#\/schema\/person\/4ea909d89f15635d963dca48fc874a84\",\"name\":\"admin\",\"image\":{\"@type\":\"ImageObject\",\"inLanguage\":\"de\",\"@id\":\"http:\/\/www.aneta.jetzt\/#\/schema\/person\/image\/\",\"url\":\"http:\/\/www.aneta.jetzt\/wp-content\/uploads\/2020\/12\/dragonfly512.png\",\"contentUrl\":\"http:\/\/www.aneta.jetzt\/wp-content\/uploads\/2020\/12\/dragonfly512.png\",\"width\":512,\"height\":372,\"caption\":\"admin\"},\"logo\":{\"@id\":\"http:\/\/www.aneta.jetzt\/#\/schema\/person\/image\/\"},\"sameAs\":[\"http:\/\/www.aneta.jetzt\"]}]}<\/script>\n<!-- \/ Yoast SEO plugin. -->","yoast_head_json":{"title":"Postapokalyptische Geste - Living Picture","robots":{"index":"index","follow":"follow","max-snippet":"max-snippet:-1","max-image-preview":"max-image-preview:large","max-video-preview":"max-video-preview:-1"},"canonical":"http:\/\/www.aneta.jetzt\/?page_id=86","og_locale":"de_DE","og_type":"article","og_title":"Postapokalyptische Geste - Living Picture","og_description":"Finding words for Fear \u201ePostapokalyptische Geste\u201c \u2013 Stummfilm, entstanden in der Auseinandersetzung mit Formen des Theaters und Landschaft in Film ver\u00f6ffentlicht im mumok Kino behandelt thematisch die R\u00e4ume zwischen&nbsp;ausstrahlender Position&nbsp;(Sendung) \u2013 Sprache \u2013 Symbol und Zeitlichkeit M\u00e4rz 2019 Einsiedlerkrebse liegen Ton in Ton auf Steinen und bilden eine Landschaft. F\u00fcr das lebende Tier, das zun\u00e4chst &hellip;","og_url":"http:\/\/www.aneta.jetzt\/?page_id=86","og_site_name":"Living Picture","article_modified_time":"2020-12-17T23:50:08+00:00","og_image":[{"width":1024,"height":743,"url":"http:\/\/www.aneta.jetzt\/wp-content\/uploads\/2020\/12\/PostapokalyptischeGesteTV_web.jpg","type":"image\/jpeg"}],"twitter_card":"summary_large_image","twitter_misc":{"Gesch\u00e4tzte Lesezeit":"2\u00a0Minuten"},"schema":{"@context":"https:\/\/schema.org","@graph":[{"@type":"WebPage","@id":"http:\/\/www.aneta.jetzt\/?page_id=86","url":"http:\/\/www.aneta.jetzt\/?page_id=86","name":"Postapokalyptische Geste - Living Picture","isPartOf":{"@id":"http:\/\/www.aneta.jetzt\/#website"},"primaryImageOfPage":{"@id":"http:\/\/www.aneta.jetzt\/?page_id=86#primaryimage"},"image":{"@id":"http:\/\/www.aneta.jetzt\/?page_id=86#primaryimage"},"thumbnailUrl":"http:\/\/www.aneta.jetzt\/wp-content\/uploads\/2020\/12\/PostapokalyptischeGesteTV_web.jpg","datePublished":"2020-12-16T12:52:21+00:00","dateModified":"2020-12-17T23:50:08+00:00","breadcrumb":{"@id":"http:\/\/www.aneta.jetzt\/?page_id=86#breadcrumb"},"inLanguage":"de","potentialAction":[{"@type":"ReadAction","target":["http:\/\/www.aneta.jetzt\/?page_id=86"]}]},{"@type":"ImageObject","inLanguage":"de","@id":"http:\/\/www.aneta.jetzt\/?page_id=86#primaryimage","url":"http:\/\/www.aneta.jetzt\/wp-content\/uploads\/2020\/12\/PostapokalyptischeGesteTV_web.jpg","contentUrl":"http:\/\/www.aneta.jetzt\/wp-content\/uploads\/2020\/12\/PostapokalyptischeGesteTV_web.jpg","width":1024,"height":743},{"@type":"BreadcrumbList","@id":"http:\/\/www.aneta.jetzt\/?page_id=86#breadcrumb","itemListElement":[{"@type":"ListItem","position":1,"name":"Startseite","item":"http:\/\/www.aneta.jetzt\/"},{"@type":"ListItem","position":2,"name":"Postapokalyptische Geste"}]},{"@type":"WebSite","@id":"http:\/\/www.aneta.jetzt\/#website","url":"http:\/\/www.aneta.jetzt\/","name":"Living Picture","description":"","publisher":{"@id":"http:\/\/www.aneta.jetzt\/#\/schema\/person\/4ea909d89f15635d963dca48fc874a84"},"potentialAction":[{"@type":"SearchAction","target":{"@type":"EntryPoint","urlTemplate":"http:\/\/www.aneta.jetzt\/?s={search_term_string}"},"query-input":{"@type":"PropertyValueSpecification","valueRequired":true,"valueName":"search_term_string"}}],"inLanguage":"de"},{"@type":["Person","Organization"],"@id":"http:\/\/www.aneta.jetzt\/#\/schema\/person\/4ea909d89f15635d963dca48fc874a84","name":"admin","image":{"@type":"ImageObject","inLanguage":"de","@id":"http:\/\/www.aneta.jetzt\/#\/schema\/person\/image\/","url":"http:\/\/www.aneta.jetzt\/wp-content\/uploads\/2020\/12\/dragonfly512.png","contentUrl":"http:\/\/www.aneta.jetzt\/wp-content\/uploads\/2020\/12\/dragonfly512.png","width":512,"height":372,"caption":"admin"},"logo":{"@id":"http:\/\/www.aneta.jetzt\/#\/schema\/person\/image\/"},"sameAs":["http:\/\/www.aneta.jetzt"]}]}},"_links":{"self":[{"href":"http:\/\/www.aneta.jetzt\/index.php?rest_route=\/wp\/v2\/pages\/86","targetHints":{"allow":["GET"]}}],"collection":[{"href":"http:\/\/www.aneta.jetzt\/index.php?rest_route=\/wp\/v2\/pages"}],"about":[{"href":"http:\/\/www.aneta.jetzt\/index.php?rest_route=\/wp\/v2\/types\/page"}],"author":[{"embeddable":true,"href":"http:\/\/www.aneta.jetzt\/index.php?rest_route=\/wp\/v2\/users\/1"}],"replies":[{"embeddable":true,"href":"http:\/\/www.aneta.jetzt\/index.php?rest_route=%2Fwp%2Fv2%2Fcomments&post=86"}],"version-history":[{"count":7,"href":"http:\/\/www.aneta.jetzt\/index.php?rest_route=\/wp\/v2\/pages\/86\/revisions"}],"predecessor-version":[{"id":268,"href":"http:\/\/www.aneta.jetzt\/index.php?rest_route=\/wp\/v2\/pages\/86\/revisions\/268"}],"wp:featuredmedia":[{"embeddable":true,"href":"http:\/\/www.aneta.jetzt\/index.php?rest_route=\/wp\/v2\/media\/67"}],"wp:attachment":[{"href":"http:\/\/www.aneta.jetzt\/index.php?rest_route=%2Fwp%2Fv2%2Fmedia&parent=86"}],"curies":[{"name":"wp","href":"https:\/\/api.w.org\/{rel}","templated":true}]}}