{"id":295,"date":"2020-12-18T14:42:18","date_gmt":"2020-12-18T14:42:18","guid":{"rendered":"http:\/\/www.aneta.jetzt\/?page_id=295"},"modified":"2020-12-18T15:53:57","modified_gmt":"2020-12-18T15:53:57","slug":"bauduab","status":"publish","type":"page","link":"http:\/\/www.aneta.jetzt\/?page_id=295","title":{"rendered":"BauduaB"},"content":{"rendered":"\n<div class=\"wp-block-group\"><div class=\"wp-block-group__inner-container is-layout-flow wp-block-group-is-layout-flow\">\n<figure class=\"wp-block-image size-large\"><img loading=\"lazy\" decoding=\"async\" width=\"800\" height=\"533\" src=\"http:\/\/www.aneta.jetzt\/wp-content\/uploads\/2020\/12\/BAUDAB1.jpg\" alt=\"\" class=\"wp-image-298\" srcset=\"http:\/\/www.aneta.jetzt\/wp-content\/uploads\/2020\/12\/BAUDAB1.jpg 800w, http:\/\/www.aneta.jetzt\/wp-content\/uploads\/2020\/12\/BAUDAB1-300x200.jpg 300w, http:\/\/www.aneta.jetzt\/wp-content\/uploads\/2020\/12\/BAUDAB1-768x512.jpg 768w\" sizes=\"auto, (max-width: 800px) 100vw, 800px\" \/><figcaption>Quelle: https:\/\/www.ufg.at\/BAUDUAB.14596.0.html<\/figcaption><\/figure>\n\n\n\n<p>Ein Austauschprojekt Gruppenausstellung, Plastische Konzeption\/Keramik Kunstuniversit\u00e4t Linz<\/p>\n\n\n\n<p><strong>Studierende der Plastische Konzeptionen \/ Keramik<\/strong><\/p>\n\n\n\n<p>Objekte und Installationen, 2017 Plastische Konzeptionen \/ Keramik Ausstellung: 16. bis 22. Mai 2017 Domgasse 1, Galerieraum, EG <\/p>\n\n\n\n<p>Ein Austauschprojekt der Kunstuniversit\u00e4t Linz, Abteilung Plastische Konzeptionen \/ Keramik, mit der Kunstakademie N\u00fcrnberg. Die Ausstellung versammelt die Projekte von sieben sechs Studierenden der Kunstuniversit\u00e4t Linz, die von sieben Studierenden der Akademie der Bildenden K\u00fcnste N\u00fcrnberg nach ihrer eigenen Auslegung umgesetzt wurden. Unter umgekehrten Bedingungen findet eine zweite Ausstellung im Projektraum EdlExtra in N\u00fcrnberg statt. Die K\u00fcnstler haben daf\u00fcr jeweils in Zweierteams gearbeitet \u2013 ohne sich vorher gekannt zu haben. <\/p>\n\n\n\n<p>Mai 2018 <\/p>\n\n\n\n<figure class=\"wp-block-gallery columns-3 is-cropped wp-block-gallery-1 is-layout-flex wp-block-gallery-is-layout-flex\"><ul class=\"blocks-gallery-grid\"><li class=\"blocks-gallery-item\"><figure><img loading=\"lazy\" decoding=\"async\" width=\"1024\" height=\"682\" src=\"http:\/\/www.aneta.jetzt\/wp-content\/uploads\/2020\/12\/IMG_7991_web-1024x682.jpg\" alt=\"\" data-id=\"305\" data-full-url=\"http:\/\/www.aneta.jetzt\/wp-content\/uploads\/2020\/12\/IMG_7991_web.jpg\" data-link=\"http:\/\/www.aneta.jetzt\/?attachment_id=305\" class=\"wp-image-305\" srcset=\"http:\/\/www.aneta.jetzt\/wp-content\/uploads\/2020\/12\/IMG_7991_web-1024x682.jpg 1024w, http:\/\/www.aneta.jetzt\/wp-content\/uploads\/2020\/12\/IMG_7991_web-300x200.jpg 300w, http:\/\/www.aneta.jetzt\/wp-content\/uploads\/2020\/12\/IMG_7991_web-768x512.jpg 768w, http:\/\/www.aneta.jetzt\/wp-content\/uploads\/2020\/12\/IMG_7991_web-1200x800.jpg 1200w, http:\/\/www.aneta.jetzt\/wp-content\/uploads\/2020\/12\/IMG_7991_web.jpg 1244w\" sizes=\"auto, (max-width: 1024px) 100vw, 1024px\" \/><\/figure><\/li><li class=\"blocks-gallery-item\"><figure><img loading=\"lazy\" decoding=\"async\" width=\"682\" height=\"1024\" src=\"http:\/\/www.aneta.jetzt\/wp-content\/uploads\/2020\/12\/IMG_8014_web-682x1024.jpg\" alt=\"\" data-id=\"306\" data-full-url=\"http:\/\/www.aneta.jetzt\/wp-content\/uploads\/2020\/12\/IMG_8014_web.jpg\" data-link=\"http:\/\/www.aneta.jetzt\/?attachment_id=306\" class=\"wp-image-306\" srcset=\"http:\/\/www.aneta.jetzt\/wp-content\/uploads\/2020\/12\/IMG_8014_web-682x1024.jpg 682w, http:\/\/www.aneta.jetzt\/wp-content\/uploads\/2020\/12\/IMG_8014_web-200x300.jpg 200w, http:\/\/www.aneta.jetzt\/wp-content\/uploads\/2020\/12\/IMG_8014_web-768x1152.jpg 768w, http:\/\/www.aneta.jetzt\/wp-content\/uploads\/2020\/12\/IMG_8014_web.jpg 829w\" sizes=\"auto, (max-width: 682px) 100vw, 682px\" \/><\/figure><\/li><li class=\"blocks-gallery-item\"><figure><img loading=\"lazy\" decoding=\"async\" width=\"955\" height=\"637\" src=\"http:\/\/www.aneta.jetzt\/wp-content\/uploads\/2020\/12\/csm_IMG_8010_web_7c99130e03.jpg\" alt=\"\" data-id=\"308\" data-full-url=\"http:\/\/www.aneta.jetzt\/wp-content\/uploads\/2020\/12\/csm_IMG_8010_web_7c99130e03.jpg\" data-link=\"http:\/\/www.aneta.jetzt\/?attachment_id=308\" class=\"wp-image-308\" srcset=\"http:\/\/www.aneta.jetzt\/wp-content\/uploads\/2020\/12\/csm_IMG_8010_web_7c99130e03.jpg 955w, http:\/\/www.aneta.jetzt\/wp-content\/uploads\/2020\/12\/csm_IMG_8010_web_7c99130e03-300x200.jpg 300w, http:\/\/www.aneta.jetzt\/wp-content\/uploads\/2020\/12\/csm_IMG_8010_web_7c99130e03-768x512.jpg 768w\" sizes=\"auto, (max-width: 955px) 100vw, 955px\" \/><\/figure><\/li><li class=\"blocks-gallery-item\"><figure><img loading=\"lazy\" decoding=\"async\" width=\"955\" height=\"637\" src=\"http:\/\/www.aneta.jetzt\/wp-content\/uploads\/2020\/12\/csm_IMG_8008_web_814319ff67.jpg\" alt=\"\" data-id=\"309\" data-full-url=\"http:\/\/www.aneta.jetzt\/wp-content\/uploads\/2020\/12\/csm_IMG_8008_web_814319ff67.jpg\" data-link=\"http:\/\/www.aneta.jetzt\/?attachment_id=309\" class=\"wp-image-309\" srcset=\"http:\/\/www.aneta.jetzt\/wp-content\/uploads\/2020\/12\/csm_IMG_8008_web_814319ff67.jpg 955w, http:\/\/www.aneta.jetzt\/wp-content\/uploads\/2020\/12\/csm_IMG_8008_web_814319ff67-300x200.jpg 300w, http:\/\/www.aneta.jetzt\/wp-content\/uploads\/2020\/12\/csm_IMG_8008_web_814319ff67-768x512.jpg 768w\" sizes=\"auto, (max-width: 955px) 100vw, 955px\" \/><\/figure><\/li><li class=\"blocks-gallery-item\"><figure><img loading=\"lazy\" decoding=\"async\" width=\"955\" height=\"637\" src=\"http:\/\/www.aneta.jetzt\/wp-content\/uploads\/2020\/12\/csm_IMG_8002_web_994e9a9c6b.jpg\" alt=\"\" data-id=\"310\" data-full-url=\"http:\/\/www.aneta.jetzt\/wp-content\/uploads\/2020\/12\/csm_IMG_8002_web_994e9a9c6b.jpg\" data-link=\"http:\/\/www.aneta.jetzt\/?attachment_id=310\" class=\"wp-image-310\" srcset=\"http:\/\/www.aneta.jetzt\/wp-content\/uploads\/2020\/12\/csm_IMG_8002_web_994e9a9c6b.jpg 955w, http:\/\/www.aneta.jetzt\/wp-content\/uploads\/2020\/12\/csm_IMG_8002_web_994e9a9c6b-300x200.jpg 300w, http:\/\/www.aneta.jetzt\/wp-content\/uploads\/2020\/12\/csm_IMG_8002_web_994e9a9c6b-768x512.jpg 768w\" sizes=\"auto, (max-width: 955px) 100vw, 955px\" \/><\/figure><\/li><li class=\"blocks-gallery-item\"><figure><img loading=\"lazy\" decoding=\"async\" width=\"955\" height=\"637\" src=\"http:\/\/www.aneta.jetzt\/wp-content\/uploads\/2020\/12\/csm_IMG_8001_web_e33ed46eb2.jpg\" alt=\"\" data-id=\"311\" data-full-url=\"http:\/\/www.aneta.jetzt\/wp-content\/uploads\/2020\/12\/csm_IMG_8001_web_e33ed46eb2.jpg\" data-link=\"http:\/\/www.aneta.jetzt\/?attachment_id=311\" class=\"wp-image-311\" srcset=\"http:\/\/www.aneta.jetzt\/wp-content\/uploads\/2020\/12\/csm_IMG_8001_web_e33ed46eb2.jpg 955w, http:\/\/www.aneta.jetzt\/wp-content\/uploads\/2020\/12\/csm_IMG_8001_web_e33ed46eb2-300x200.jpg 300w, http:\/\/www.aneta.jetzt\/wp-content\/uploads\/2020\/12\/csm_IMG_8001_web_e33ed46eb2-768x512.jpg 768w\" sizes=\"auto, (max-width: 955px) 100vw, 955px\" \/><\/figure><\/li><li class=\"blocks-gallery-item\"><figure><img loading=\"lazy\" decoding=\"async\" width=\"682\" height=\"1024\" src=\"http:\/\/www.aneta.jetzt\/wp-content\/uploads\/2020\/12\/IMG_7994_web-682x1024.jpg\" alt=\"\" data-id=\"312\" data-full-url=\"http:\/\/www.aneta.jetzt\/wp-content\/uploads\/2020\/12\/IMG_7994_web.jpg\" data-link=\"http:\/\/www.aneta.jetzt\/?attachment_id=312\" class=\"wp-image-312\" srcset=\"http:\/\/www.aneta.jetzt\/wp-content\/uploads\/2020\/12\/IMG_7994_web-682x1024.jpg 682w, http:\/\/www.aneta.jetzt\/wp-content\/uploads\/2020\/12\/IMG_7994_web-200x300.jpg 200w, http:\/\/www.aneta.jetzt\/wp-content\/uploads\/2020\/12\/IMG_7994_web-768x1152.jpg 768w, http:\/\/www.aneta.jetzt\/wp-content\/uploads\/2020\/12\/IMG_7994_web.jpg 829w\" sizes=\"auto, (max-width: 682px) 100vw, 682px\" \/><\/figure><\/li><li class=\"blocks-gallery-item\"><figure><img loading=\"lazy\" decoding=\"async\" width=\"682\" height=\"1024\" src=\"http:\/\/www.aneta.jetzt\/wp-content\/uploads\/2020\/12\/IMG_7987_web-682x1024.jpg\" alt=\"\" data-id=\"313\" data-full-url=\"http:\/\/www.aneta.jetzt\/wp-content\/uploads\/2020\/12\/IMG_7987_web.jpg\" data-link=\"http:\/\/www.aneta.jetzt\/?attachment_id=313\" class=\"wp-image-313\" srcset=\"http:\/\/www.aneta.jetzt\/wp-content\/uploads\/2020\/12\/IMG_7987_web-682x1024.jpg 682w, http:\/\/www.aneta.jetzt\/wp-content\/uploads\/2020\/12\/IMG_7987_web-200x300.jpg 200w, http:\/\/www.aneta.jetzt\/wp-content\/uploads\/2020\/12\/IMG_7987_web-768x1152.jpg 768w, http:\/\/www.aneta.jetzt\/wp-content\/uploads\/2020\/12\/IMG_7987_web.jpg 829w\" sizes=\"auto, (max-width: 682px) 100vw, 682px\" \/><\/figure><\/li><li class=\"blocks-gallery-item\"><figure><img loading=\"lazy\" decoding=\"async\" width=\"955\" height=\"637\" src=\"http:\/\/www.aneta.jetzt\/wp-content\/uploads\/2020\/12\/csm_IMG_8000_web_127c0882db.jpg\" alt=\"\" data-id=\"314\" data-full-url=\"http:\/\/www.aneta.jetzt\/wp-content\/uploads\/2020\/12\/csm_IMG_8000_web_127c0882db.jpg\" data-link=\"http:\/\/www.aneta.jetzt\/?attachment_id=314\" class=\"wp-image-314\" srcset=\"http:\/\/www.aneta.jetzt\/wp-content\/uploads\/2020\/12\/csm_IMG_8000_web_127c0882db.jpg 955w, http:\/\/www.aneta.jetzt\/wp-content\/uploads\/2020\/12\/csm_IMG_8000_web_127c0882db-300x200.jpg 300w, http:\/\/www.aneta.jetzt\/wp-content\/uploads\/2020\/12\/csm_IMG_8000_web_127c0882db-768x512.jpg 768w\" sizes=\"auto, (max-width: 955px) 100vw, 955px\" \/><\/figure><\/li><li class=\"blocks-gallery-item\"><figure><img loading=\"lazy\" decoding=\"async\" width=\"955\" height=\"637\" src=\"http:\/\/www.aneta.jetzt\/wp-content\/uploads\/2020\/12\/csm_IMG_7993_web_f6f3c719a5.jpg\" alt=\"\" data-id=\"315\" data-full-url=\"http:\/\/www.aneta.jetzt\/wp-content\/uploads\/2020\/12\/csm_IMG_7993_web_f6f3c719a5.jpg\" data-link=\"http:\/\/www.aneta.jetzt\/?attachment_id=315\" class=\"wp-image-315\" srcset=\"http:\/\/www.aneta.jetzt\/wp-content\/uploads\/2020\/12\/csm_IMG_7993_web_f6f3c719a5.jpg 955w, http:\/\/www.aneta.jetzt\/wp-content\/uploads\/2020\/12\/csm_IMG_7993_web_f6f3c719a5-300x200.jpg 300w, http:\/\/www.aneta.jetzt\/wp-content\/uploads\/2020\/12\/csm_IMG_7993_web_f6f3c719a5-768x512.jpg 768w\" sizes=\"auto, (max-width: 955px) 100vw, 955px\" \/><\/figure><\/li><li class=\"blocks-gallery-item\"><figure><img loading=\"lazy\" decoding=\"async\" width=\"955\" height=\"637\" src=\"http:\/\/www.aneta.jetzt\/wp-content\/uploads\/2020\/12\/csm_IMG_7988_web_53192cc2ca.jpg\" alt=\"\" data-id=\"316\" data-full-url=\"http:\/\/www.aneta.jetzt\/wp-content\/uploads\/2020\/12\/csm_IMG_7988_web_53192cc2ca.jpg\" data-link=\"http:\/\/www.aneta.jetzt\/?attachment_id=316\" class=\"wp-image-316\" srcset=\"http:\/\/www.aneta.jetzt\/wp-content\/uploads\/2020\/12\/csm_IMG_7988_web_53192cc2ca.jpg 955w, http:\/\/www.aneta.jetzt\/wp-content\/uploads\/2020\/12\/csm_IMG_7988_web_53192cc2ca-300x200.jpg 300w, http:\/\/www.aneta.jetzt\/wp-content\/uploads\/2020\/12\/csm_IMG_7988_web_53192cc2ca-768x512.jpg 768w\" sizes=\"auto, (max-width: 955px) 100vw, 955px\" \/><\/figure><\/li><li class=\"blocks-gallery-item\"><figure><img loading=\"lazy\" decoding=\"async\" width=\"955\" height=\"637\" src=\"http:\/\/www.aneta.jetzt\/wp-content\/uploads\/2020\/12\/csm_IMG_7984_web_2b130106c6.jpg\" alt=\"\" data-id=\"317\" data-full-url=\"http:\/\/www.aneta.jetzt\/wp-content\/uploads\/2020\/12\/csm_IMG_7984_web_2b130106c6.jpg\" data-link=\"http:\/\/www.aneta.jetzt\/?attachment_id=317\" class=\"wp-image-317\" srcset=\"http:\/\/www.aneta.jetzt\/wp-content\/uploads\/2020\/12\/csm_IMG_7984_web_2b130106c6.jpg 955w, http:\/\/www.aneta.jetzt\/wp-content\/uploads\/2020\/12\/csm_IMG_7984_web_2b130106c6-300x200.jpg 300w, http:\/\/www.aneta.jetzt\/wp-content\/uploads\/2020\/12\/csm_IMG_7984_web_2b130106c6-768x512.jpg 768w\" sizes=\"auto, (max-width: 955px) 100vw, 955px\" \/><\/figure><\/li><li class=\"blocks-gallery-item\"><figure><img loading=\"lazy\" decoding=\"async\" width=\"955\" height=\"637\" src=\"http:\/\/www.aneta.jetzt\/wp-content\/uploads\/2020\/12\/csm_IMG_7982_web_26ab5dd111.jpg\" alt=\"\" data-id=\"319\" data-full-url=\"http:\/\/www.aneta.jetzt\/wp-content\/uploads\/2020\/12\/csm_IMG_7982_web_26ab5dd111.jpg\" data-link=\"http:\/\/www.aneta.jetzt\/?attachment_id=319\" class=\"wp-image-319\" srcset=\"http:\/\/www.aneta.jetzt\/wp-content\/uploads\/2020\/12\/csm_IMG_7982_web_26ab5dd111.jpg 955w, http:\/\/www.aneta.jetzt\/wp-content\/uploads\/2020\/12\/csm_IMG_7982_web_26ab5dd111-300x200.jpg 300w, http:\/\/www.aneta.jetzt\/wp-content\/uploads\/2020\/12\/csm_IMG_7982_web_26ab5dd111-768x512.jpg 768w\" sizes=\"auto, (max-width: 955px) 100vw, 955px\" \/><\/figure><\/li><li class=\"blocks-gallery-item\"><figure><img loading=\"lazy\" decoding=\"async\" width=\"955\" height=\"637\" src=\"http:\/\/www.aneta.jetzt\/wp-content\/uploads\/2020\/12\/csm_IMG_7973_web_33ba4dfb54.jpg\" alt=\"\" data-id=\"320\" data-full-url=\"http:\/\/www.aneta.jetzt\/wp-content\/uploads\/2020\/12\/csm_IMG_7973_web_33ba4dfb54.jpg\" data-link=\"http:\/\/www.aneta.jetzt\/?attachment_id=320\" class=\"wp-image-320\" srcset=\"http:\/\/www.aneta.jetzt\/wp-content\/uploads\/2020\/12\/csm_IMG_7973_web_33ba4dfb54.jpg 955w, http:\/\/www.aneta.jetzt\/wp-content\/uploads\/2020\/12\/csm_IMG_7973_web_33ba4dfb54-300x200.jpg 300w, http:\/\/www.aneta.jetzt\/wp-content\/uploads\/2020\/12\/csm_IMG_7973_web_33ba4dfb54-768x512.jpg 768w\" sizes=\"auto, (max-width: 955px) 100vw, 955px\" \/><\/figure><\/li><li class=\"blocks-gallery-item\"><figure><img loading=\"lazy\" decoding=\"async\" width=\"955\" height=\"637\" src=\"http:\/\/www.aneta.jetzt\/wp-content\/uploads\/2020\/12\/csm_IMG_7970_web_06fecc2609.jpg\" alt=\"\" data-id=\"321\" data-full-url=\"http:\/\/www.aneta.jetzt\/wp-content\/uploads\/2020\/12\/csm_IMG_7970_web_06fecc2609.jpg\" data-link=\"http:\/\/www.aneta.jetzt\/?attachment_id=321\" class=\"wp-image-321\" srcset=\"http:\/\/www.aneta.jetzt\/wp-content\/uploads\/2020\/12\/csm_IMG_7970_web_06fecc2609.jpg 955w, http:\/\/www.aneta.jetzt\/wp-content\/uploads\/2020\/12\/csm_IMG_7970_web_06fecc2609-300x200.jpg 300w, http:\/\/www.aneta.jetzt\/wp-content\/uploads\/2020\/12\/csm_IMG_7970_web_06fecc2609-768x512.jpg 768w\" sizes=\"auto, (max-width: 955px) 100vw, 955px\" \/><\/figure><\/li><\/ul><figcaption class=\"blocks-gallery-caption\">Mai 2018<\/figcaption><\/figure>\n<\/div><\/div>\n\n\n\n<figure class=\"wp-block-image size-large\"><img loading=\"lazy\" decoding=\"async\" width=\"725\" height=\"1024\" src=\"http:\/\/www.aneta.jetzt\/wp-content\/uploads\/2020\/12\/BAU_VIE-725x1024.png\" alt=\"\" class=\"wp-image-296\" srcset=\"http:\/\/www.aneta.jetzt\/wp-content\/uploads\/2020\/12\/BAU_VIE-725x1024.png 725w, http:\/\/www.aneta.jetzt\/wp-content\/uploads\/2020\/12\/BAU_VIE-212x300.png 212w, http:\/\/www.aneta.jetzt\/wp-content\/uploads\/2020\/12\/BAU_VIE-768x1085.png 768w, http:\/\/www.aneta.jetzt\/wp-content\/uploads\/2020\/12\/BAU_VIE.png 790w\" sizes=\"auto, (max-width: 725px) 100vw, 725px\" \/><\/figure>\n\n\n\n<pre class=\"wp-block-preformatted\"><strong>\u00a9<\/strong> Fotos: https:\/\/www.ufg.at\/BAUDUAB.14596.0.html<\/pre>\n","protected":false},"excerpt":{"rendered":"<p>Ein Austauschprojekt Gruppenausstellung, Plastische Konzeption\/Keramik Kunstuniversit\u00e4t Linz Studierende der Plastische Konzeptionen \/ Keramik Objekte und Installationen, 2017 Plastische Konzeptionen \/ Keramik Ausstellung: 16. bis 22. Mai 2017 Domgasse 1, Galerieraum, EG Ein Austauschprojekt der Kunstuniversit\u00e4t Linz, Abteilung Plastische Konzeptionen \/ Keramik, mit der Kunstakademie N\u00fcrnberg. Die Ausstellung versammelt die Projekte von sieben sechs Studierenden der &hellip; <\/p>\n","protected":false},"author":1,"featured_media":0,"parent":0,"menu_order":0,"comment_status":"closed","ping_status":"closed","template":"","meta":{"footnotes":""},"class_list":["post-295","page","type-page","status-publish","hentry"],"yoast_head":"<!-- This site is optimized with the Yoast SEO plugin v24.9 - https:\/\/yoast.com\/wordpress\/plugins\/seo\/ -->\n<title>BauduaB - Living Picture<\/title>\n<meta name=\"robots\" content=\"index, follow, max-snippet:-1, max-image-preview:large, max-video-preview:-1\" \/>\n<link rel=\"canonical\" href=\"https:\/\/www.aneta.jetzt\/?page_id=295\" \/>\n<meta property=\"og:locale\" content=\"de_DE\" \/>\n<meta property=\"og:type\" content=\"article\" \/>\n<meta property=\"og:title\" content=\"BauduaB - Living Picture\" \/>\n<meta property=\"og:description\" content=\"Ein Austauschprojekt Gruppenausstellung, Plastische Konzeption\/Keramik Kunstuniversit\u00e4t Linz Studierende der Plastische Konzeptionen \/ Keramik Objekte und Installationen, 2017 Plastische Konzeptionen \/ Keramik Ausstellung: 16. bis 22. Mai 2017 Domgasse 1, Galerieraum, EG Ein Austauschprojekt der Kunstuniversit\u00e4t Linz, Abteilung Plastische Konzeptionen \/ Keramik, mit der Kunstakademie N\u00fcrnberg. Die Ausstellung versammelt die Projekte von sieben sechs Studierenden der &hellip;\" \/>\n<meta property=\"og:url\" content=\"https:\/\/www.aneta.jetzt\/?page_id=295\" \/>\n<meta property=\"og:site_name\" content=\"Living Picture\" \/>\n<meta property=\"article:modified_time\" content=\"2020-12-18T15:53:57+00:00\" \/>\n<meta property=\"og:image\" content=\"http:\/\/www.aneta.jetzt\/wp-content\/uploads\/2020\/12\/BAUDAB1.jpg\" \/>\n<meta name=\"twitter:card\" content=\"summary_large_image\" \/>\n<meta name=\"twitter:label1\" content=\"Gesch\u00e4tzte Lesezeit\" \/>\n\t<meta name=\"twitter:data1\" content=\"1\u00a0Minute\" \/>\n<script type=\"application\/ld+json\" class=\"yoast-schema-graph\">{\"@context\":\"https:\/\/schema.org\",\"@graph\":[{\"@type\":\"WebPage\",\"@id\":\"https:\/\/www.aneta.jetzt\/?page_id=295\",\"url\":\"https:\/\/www.aneta.jetzt\/?page_id=295\",\"name\":\"BauduaB - Living Picture\",\"isPartOf\":{\"@id\":\"http:\/\/www.aneta.jetzt\/#website\"},\"primaryImageOfPage\":{\"@id\":\"https:\/\/www.aneta.jetzt\/?page_id=295#primaryimage\"},\"image\":{\"@id\":\"https:\/\/www.aneta.jetzt\/?page_id=295#primaryimage\"},\"thumbnailUrl\":\"http:\/\/www.aneta.jetzt\/wp-content\/uploads\/2020\/12\/BAUDAB1.jpg\",\"datePublished\":\"2020-12-18T14:42:18+00:00\",\"dateModified\":\"2020-12-18T15:53:57+00:00\",\"breadcrumb\":{\"@id\":\"https:\/\/www.aneta.jetzt\/?page_id=295#breadcrumb\"},\"inLanguage\":\"de\",\"potentialAction\":[{\"@type\":\"ReadAction\",\"target\":[\"https:\/\/www.aneta.jetzt\/?page_id=295\"]}]},{\"@type\":\"ImageObject\",\"inLanguage\":\"de\",\"@id\":\"https:\/\/www.aneta.jetzt\/?page_id=295#primaryimage\",\"url\":\"http:\/\/www.aneta.jetzt\/wp-content\/uploads\/2020\/12\/BAUDAB1.jpg\",\"contentUrl\":\"http:\/\/www.aneta.jetzt\/wp-content\/uploads\/2020\/12\/BAUDAB1.jpg\",\"width\":800,\"height\":533},{\"@type\":\"BreadcrumbList\",\"@id\":\"https:\/\/www.aneta.jetzt\/?page_id=295#breadcrumb\",\"itemListElement\":[{\"@type\":\"ListItem\",\"position\":1,\"name\":\"Startseite\",\"item\":\"http:\/\/www.aneta.jetzt\/\"},{\"@type\":\"ListItem\",\"position\":2,\"name\":\"BauduaB\"}]},{\"@type\":\"WebSite\",\"@id\":\"http:\/\/www.aneta.jetzt\/#website\",\"url\":\"http:\/\/www.aneta.jetzt\/\",\"name\":\"Living Picture\",\"description\":\"\",\"publisher\":{\"@id\":\"http:\/\/www.aneta.jetzt\/#\/schema\/person\/4ea909d89f15635d963dca48fc874a84\"},\"potentialAction\":[{\"@type\":\"SearchAction\",\"target\":{\"@type\":\"EntryPoint\",\"urlTemplate\":\"http:\/\/www.aneta.jetzt\/?s={search_term_string}\"},\"query-input\":{\"@type\":\"PropertyValueSpecification\",\"valueRequired\":true,\"valueName\":\"search_term_string\"}}],\"inLanguage\":\"de\"},{\"@type\":[\"Person\",\"Organization\"],\"@id\":\"http:\/\/www.aneta.jetzt\/#\/schema\/person\/4ea909d89f15635d963dca48fc874a84\",\"name\":\"admin\",\"image\":{\"@type\":\"ImageObject\",\"inLanguage\":\"de\",\"@id\":\"http:\/\/www.aneta.jetzt\/#\/schema\/person\/image\/\",\"url\":\"http:\/\/www.aneta.jetzt\/wp-content\/uploads\/2020\/12\/dragonfly512.png\",\"contentUrl\":\"http:\/\/www.aneta.jetzt\/wp-content\/uploads\/2020\/12\/dragonfly512.png\",\"width\":512,\"height\":372,\"caption\":\"admin\"},\"logo\":{\"@id\":\"http:\/\/www.aneta.jetzt\/#\/schema\/person\/image\/\"},\"sameAs\":[\"http:\/\/www.aneta.jetzt\"]}]}<\/script>\n<!-- \/ Yoast SEO plugin. -->","yoast_head_json":{"title":"BauduaB - Living Picture","robots":{"index":"index","follow":"follow","max-snippet":"max-snippet:-1","max-image-preview":"max-image-preview:large","max-video-preview":"max-video-preview:-1"},"canonical":"https:\/\/www.aneta.jetzt\/?page_id=295","og_locale":"de_DE","og_type":"article","og_title":"BauduaB - Living Picture","og_description":"Ein Austauschprojekt Gruppenausstellung, Plastische Konzeption\/Keramik Kunstuniversit\u00e4t Linz Studierende der Plastische Konzeptionen \/ Keramik Objekte und Installationen, 2017 Plastische Konzeptionen \/ Keramik Ausstellung: 16. bis 22. Mai 2017 Domgasse 1, Galerieraum, EG Ein Austauschprojekt der Kunstuniversit\u00e4t Linz, Abteilung Plastische Konzeptionen \/ Keramik, mit der Kunstakademie N\u00fcrnberg. Die Ausstellung versammelt die Projekte von sieben sechs Studierenden der &hellip;","og_url":"https:\/\/www.aneta.jetzt\/?page_id=295","og_site_name":"Living Picture","article_modified_time":"2020-12-18T15:53:57+00:00","og_image":[{"url":"http:\/\/www.aneta.jetzt\/wp-content\/uploads\/2020\/12\/BAUDAB1.jpg","type":"","width":"","height":""}],"twitter_card":"summary_large_image","twitter_misc":{"Gesch\u00e4tzte Lesezeit":"1\u00a0Minute"},"schema":{"@context":"https:\/\/schema.org","@graph":[{"@type":"WebPage","@id":"https:\/\/www.aneta.jetzt\/?page_id=295","url":"https:\/\/www.aneta.jetzt\/?page_id=295","name":"BauduaB - Living Picture","isPartOf":{"@id":"http:\/\/www.aneta.jetzt\/#website"},"primaryImageOfPage":{"@id":"https:\/\/www.aneta.jetzt\/?page_id=295#primaryimage"},"image":{"@id":"https:\/\/www.aneta.jetzt\/?page_id=295#primaryimage"},"thumbnailUrl":"http:\/\/www.aneta.jetzt\/wp-content\/uploads\/2020\/12\/BAUDAB1.jpg","datePublished":"2020-12-18T14:42:18+00:00","dateModified":"2020-12-18T15:53:57+00:00","breadcrumb":{"@id":"https:\/\/www.aneta.jetzt\/?page_id=295#breadcrumb"},"inLanguage":"de","potentialAction":[{"@type":"ReadAction","target":["https:\/\/www.aneta.jetzt\/?page_id=295"]}]},{"@type":"ImageObject","inLanguage":"de","@id":"https:\/\/www.aneta.jetzt\/?page_id=295#primaryimage","url":"http:\/\/www.aneta.jetzt\/wp-content\/uploads\/2020\/12\/BAUDAB1.jpg","contentUrl":"http:\/\/www.aneta.jetzt\/wp-content\/uploads\/2020\/12\/BAUDAB1.jpg","width":800,"height":533},{"@type":"BreadcrumbList","@id":"https:\/\/www.aneta.jetzt\/?page_id=295#breadcrumb","itemListElement":[{"@type":"ListItem","position":1,"name":"Startseite","item":"http:\/\/www.aneta.jetzt\/"},{"@type":"ListItem","position":2,"name":"BauduaB"}]},{"@type":"WebSite","@id":"http:\/\/www.aneta.jetzt\/#website","url":"http:\/\/www.aneta.jetzt\/","name":"Living Picture","description":"","publisher":{"@id":"http:\/\/www.aneta.jetzt\/#\/schema\/person\/4ea909d89f15635d963dca48fc874a84"},"potentialAction":[{"@type":"SearchAction","target":{"@type":"EntryPoint","urlTemplate":"http:\/\/www.aneta.jetzt\/?s={search_term_string}"},"query-input":{"@type":"PropertyValueSpecification","valueRequired":true,"valueName":"search_term_string"}}],"inLanguage":"de"},{"@type":["Person","Organization"],"@id":"http:\/\/www.aneta.jetzt\/#\/schema\/person\/4ea909d89f15635d963dca48fc874a84","name":"admin","image":{"@type":"ImageObject","inLanguage":"de","@id":"http:\/\/www.aneta.jetzt\/#\/schema\/person\/image\/","url":"http:\/\/www.aneta.jetzt\/wp-content\/uploads\/2020\/12\/dragonfly512.png","contentUrl":"http:\/\/www.aneta.jetzt\/wp-content\/uploads\/2020\/12\/dragonfly512.png","width":512,"height":372,"caption":"admin"},"logo":{"@id":"http:\/\/www.aneta.jetzt\/#\/schema\/person\/image\/"},"sameAs":["http:\/\/www.aneta.jetzt"]}]}},"_links":{"self":[{"href":"http:\/\/www.aneta.jetzt\/index.php?rest_route=\/wp\/v2\/pages\/295","targetHints":{"allow":["GET"]}}],"collection":[{"href":"http:\/\/www.aneta.jetzt\/index.php?rest_route=\/wp\/v2\/pages"}],"about":[{"href":"http:\/\/www.aneta.jetzt\/index.php?rest_route=\/wp\/v2\/types\/page"}],"author":[{"embeddable":true,"href":"http:\/\/www.aneta.jetzt\/index.php?rest_route=\/wp\/v2\/users\/1"}],"replies":[{"embeddable":true,"href":"http:\/\/www.aneta.jetzt\/index.php?rest_route=%2Fwp%2Fv2%2Fcomments&post=295"}],"version-history":[{"count":5,"href":"http:\/\/www.aneta.jetzt\/index.php?rest_route=\/wp\/v2\/pages\/295\/revisions"}],"predecessor-version":[{"id":340,"href":"http:\/\/www.aneta.jetzt\/index.php?rest_route=\/wp\/v2\/pages\/295\/revisions\/340"}],"wp:attachment":[{"href":"http:\/\/www.aneta.jetzt\/index.php?rest_route=%2Fwp%2Fv2%2Fmedia&parent=295"}],"curies":[{"name":"wp","href":"https:\/\/api.w.org\/{rel}","templated":true}]}}