{"id":275,"date":"2020-12-18T14:02:01","date_gmt":"2020-12-18T14:02:01","guid":{"rendered":"http:\/\/www.aneta.jetzt\/?page_id=275"},"modified":"2020-12-18T14:22:31","modified_gmt":"2020-12-18T14:22:31","slug":"3haus-projekte","status":"publish","type":"page","link":"http:\/\/www.aneta.jetzt\/?page_id=275","title":{"rendered":"3Haus Projekte"},"content":{"rendered":"\n<p><strong>Dosenbier tut&#8217;s schlie\u00dflich auch<\/strong><\/p>\n\n\n\n<p>3Haus Projekte ist ein Kollektiv aus K\u00fcnstlern und Kunstinteressierten, im speziellen: Tobias Lintl, Judith H\u00fctter und Aneta Luberda. Vor etwa einem Monat kam man auf die Idee, aus dem &#8222;zur Verf\u00fcgung stehenden&#8220; Haus etwas zu machen. Man wollte den Standort aufwerten und sehen was man aus der alten Ruine rausholen kann. Das wichtigste Anliegen des Kollektivs ist \u00f6sterreichischer Kunst einen Raum zu bieten \u2013 diese existiert ja oft abseits der sektschl\u00fcrfenden Galerieszene. Nennt man oft Offspace. Wir f\u00fchlten uns in den modrigen Gem\u00e4uern ziemlich wohl und Dosenbier tuts schlie\u00dflich auch.<\/p>\n\n\n\n<p>In Zukunft ist geplant die R\u00e4umlichkeiten auch an andere K\u00fcnstler zu vermieten. Auch Workshops sind vorgesehen. Im Vordergrund steht jedenfalls, die Wiener Kunstszene zu f\u00f6rdern.<\/p>\n\n\n\n<p><strong>Oben &amp; Unten<\/strong><\/p>\n\n\n\n<p>War das Thema der Er\u00f6ffnungsausstellung. Im unteren Stock gab es spaceige Exponate aus Sesseln. Oben lag der Fokus auf kleinen, einzeln inszenierten Bildern. Oben &amp; Unten ist das Pilotprojekt der Gruppe und die Er\u00f6ffnung ist gelungen \u2013 etwa 150 Menschen waren am Donnerstag da. Das Programm bestand aus einer <strong>Living Picture Show <\/strong>und<strong> <\/strong>einer Videoperformance von MANN. Am Freitag gabs dann Kartoffelsuppe und Krautfleckerl.<\/p>\n\n\n\n<figure class=\"wp-block-image size-large\"><img loading=\"lazy\" decoding=\"async\" width=\"724\" height=\"1024\" src=\"http:\/\/www.aneta.jetzt\/wp-content\/uploads\/2020\/12\/Bildschirmfoto-2020-12-18-um-15.13.40-724x1024.png\" alt=\"\" class=\"wp-image-281\" srcset=\"http:\/\/www.aneta.jetzt\/wp-content\/uploads\/2020\/12\/Bildschirmfoto-2020-12-18-um-15.13.40-724x1024.png 724w, http:\/\/www.aneta.jetzt\/wp-content\/uploads\/2020\/12\/Bildschirmfoto-2020-12-18-um-15.13.40-212x300.png 212w, http:\/\/www.aneta.jetzt\/wp-content\/uploads\/2020\/12\/Bildschirmfoto-2020-12-18-um-15.13.40-768x1086.png 768w, http:\/\/www.aneta.jetzt\/wp-content\/uploads\/2020\/12\/Bildschirmfoto-2020-12-18-um-15.13.40-1086x1536.png 1086w, http:\/\/www.aneta.jetzt\/wp-content\/uploads\/2020\/12\/Bildschirmfoto-2020-12-18-um-15.13.40.png 1126w\" sizes=\"auto, (max-width: 724px) 100vw, 724px\" \/><figcaption>3Haus Projekte, Dreihausgasse 36, 1150 Wien<\/figcaption><\/figure>\n\n\n\n<p><\/p>\n","protected":false},"excerpt":{"rendered":"<p>Dosenbier tut&#8217;s schlie\u00dflich auch 3Haus Projekte ist ein Kollektiv aus K\u00fcnstlern und Kunstinteressierten, im speziellen: Tobias Lintl, Judith H\u00fctter und Aneta Luberda. Vor etwa einem Monat kam man auf die Idee, aus dem &#8222;zur Verf\u00fcgung stehenden&#8220; Haus etwas zu machen. Man wollte den Standort aufwerten und sehen was man aus der alten Ruine rausholen kann. &hellip; <\/p>\n","protected":false},"author":1,"featured_media":0,"parent":0,"menu_order":0,"comment_status":"closed","ping_status":"closed","template":"","meta":{"footnotes":""},"class_list":["post-275","page","type-page","status-publish","hentry"],"yoast_head":"<!-- This site is optimized with the Yoast SEO plugin v24.9 - https:\/\/yoast.com\/wordpress\/plugins\/seo\/ -->\n<title>3Haus Projekte - Living Picture<\/title>\n<meta name=\"robots\" content=\"index, follow, max-snippet:-1, max-image-preview:large, max-video-preview:-1\" \/>\n<link rel=\"canonical\" href=\"http:\/\/www.aneta.jetzt\/?page_id=275\" \/>\n<meta property=\"og:locale\" content=\"de_DE\" \/>\n<meta property=\"og:type\" content=\"article\" \/>\n<meta property=\"og:title\" content=\"3Haus Projekte - Living Picture\" \/>\n<meta property=\"og:description\" content=\"Dosenbier tut&#8217;s schlie\u00dflich auch 3Haus Projekte ist ein Kollektiv aus K\u00fcnstlern und Kunstinteressierten, im speziellen: Tobias Lintl, Judith H\u00fctter und Aneta Luberda. Vor etwa einem Monat kam man auf die Idee, aus dem &#8222;zur Verf\u00fcgung stehenden&#8220; Haus etwas zu machen. Man wollte den Standort aufwerten und sehen was man aus der alten Ruine rausholen kann. &hellip;\" \/>\n<meta property=\"og:url\" content=\"http:\/\/www.aneta.jetzt\/?page_id=275\" \/>\n<meta property=\"og:site_name\" content=\"Living Picture\" \/>\n<meta property=\"article:modified_time\" content=\"2020-12-18T14:22:31+00:00\" \/>\n<meta property=\"og:image\" content=\"http:\/\/www.aneta.jetzt\/wp-content\/uploads\/2020\/12\/Bildschirmfoto-2020-12-18-um-15.13.40-724x1024.png\" \/>\n<meta name=\"twitter:card\" content=\"summary_large_image\" \/>\n<meta name=\"twitter:label1\" content=\"Gesch\u00e4tzte Lesezeit\" \/>\n\t<meta name=\"twitter:data1\" content=\"1\u00a0Minute\" \/>\n<script type=\"application\/ld+json\" class=\"yoast-schema-graph\">{\"@context\":\"https:\/\/schema.org\",\"@graph\":[{\"@type\":\"WebPage\",\"@id\":\"http:\/\/www.aneta.jetzt\/?page_id=275\",\"url\":\"http:\/\/www.aneta.jetzt\/?page_id=275\",\"name\":\"3Haus Projekte - Living Picture\",\"isPartOf\":{\"@id\":\"http:\/\/www.aneta.jetzt\/#website\"},\"primaryImageOfPage\":{\"@id\":\"http:\/\/www.aneta.jetzt\/?page_id=275#primaryimage\"},\"image\":{\"@id\":\"http:\/\/www.aneta.jetzt\/?page_id=275#primaryimage\"},\"thumbnailUrl\":\"http:\/\/www.aneta.jetzt\/wp-content\/uploads\/2020\/12\/Bildschirmfoto-2020-12-18-um-15.13.40-724x1024.png\",\"datePublished\":\"2020-12-18T14:02:01+00:00\",\"dateModified\":\"2020-12-18T14:22:31+00:00\",\"breadcrumb\":{\"@id\":\"http:\/\/www.aneta.jetzt\/?page_id=275#breadcrumb\"},\"inLanguage\":\"de\",\"potentialAction\":[{\"@type\":\"ReadAction\",\"target\":[\"http:\/\/www.aneta.jetzt\/?page_id=275\"]}]},{\"@type\":\"ImageObject\",\"inLanguage\":\"de\",\"@id\":\"http:\/\/www.aneta.jetzt\/?page_id=275#primaryimage\",\"url\":\"http:\/\/www.aneta.jetzt\/wp-content\/uploads\/2020\/12\/Bildschirmfoto-2020-12-18-um-15.13.40.png\",\"contentUrl\":\"http:\/\/www.aneta.jetzt\/wp-content\/uploads\/2020\/12\/Bildschirmfoto-2020-12-18-um-15.13.40.png\",\"width\":1126,\"height\":1592},{\"@type\":\"BreadcrumbList\",\"@id\":\"http:\/\/www.aneta.jetzt\/?page_id=275#breadcrumb\",\"itemListElement\":[{\"@type\":\"ListItem\",\"position\":1,\"name\":\"Startseite\",\"item\":\"http:\/\/www.aneta.jetzt\/\"},{\"@type\":\"ListItem\",\"position\":2,\"name\":\"3Haus Projekte\"}]},{\"@type\":\"WebSite\",\"@id\":\"http:\/\/www.aneta.jetzt\/#website\",\"url\":\"http:\/\/www.aneta.jetzt\/\",\"name\":\"Living Picture\",\"description\":\"\",\"publisher\":{\"@id\":\"http:\/\/www.aneta.jetzt\/#\/schema\/person\/4ea909d89f15635d963dca48fc874a84\"},\"potentialAction\":[{\"@type\":\"SearchAction\",\"target\":{\"@type\":\"EntryPoint\",\"urlTemplate\":\"http:\/\/www.aneta.jetzt\/?s={search_term_string}\"},\"query-input\":{\"@type\":\"PropertyValueSpecification\",\"valueRequired\":true,\"valueName\":\"search_term_string\"}}],\"inLanguage\":\"de\"},{\"@type\":[\"Person\",\"Organization\"],\"@id\":\"http:\/\/www.aneta.jetzt\/#\/schema\/person\/4ea909d89f15635d963dca48fc874a84\",\"name\":\"admin\",\"image\":{\"@type\":\"ImageObject\",\"inLanguage\":\"de\",\"@id\":\"http:\/\/www.aneta.jetzt\/#\/schema\/person\/image\/\",\"url\":\"http:\/\/www.aneta.jetzt\/wp-content\/uploads\/2020\/12\/dragonfly512.png\",\"contentUrl\":\"http:\/\/www.aneta.jetzt\/wp-content\/uploads\/2020\/12\/dragonfly512.png\",\"width\":512,\"height\":372,\"caption\":\"admin\"},\"logo\":{\"@id\":\"http:\/\/www.aneta.jetzt\/#\/schema\/person\/image\/\"},\"sameAs\":[\"http:\/\/www.aneta.jetzt\"]}]}<\/script>\n<!-- \/ Yoast SEO plugin. -->","yoast_head_json":{"title":"3Haus Projekte - Living Picture","robots":{"index":"index","follow":"follow","max-snippet":"max-snippet:-1","max-image-preview":"max-image-preview:large","max-video-preview":"max-video-preview:-1"},"canonical":"http:\/\/www.aneta.jetzt\/?page_id=275","og_locale":"de_DE","og_type":"article","og_title":"3Haus Projekte - Living Picture","og_description":"Dosenbier tut&#8217;s schlie\u00dflich auch 3Haus Projekte ist ein Kollektiv aus K\u00fcnstlern und Kunstinteressierten, im speziellen: Tobias Lintl, Judith H\u00fctter und Aneta Luberda. Vor etwa einem Monat kam man auf die Idee, aus dem &#8222;zur Verf\u00fcgung stehenden&#8220; Haus etwas zu machen. Man wollte den Standort aufwerten und sehen was man aus der alten Ruine rausholen kann. &hellip;","og_url":"http:\/\/www.aneta.jetzt\/?page_id=275","og_site_name":"Living Picture","article_modified_time":"2020-12-18T14:22:31+00:00","og_image":[{"url":"http:\/\/www.aneta.jetzt\/wp-content\/uploads\/2020\/12\/Bildschirmfoto-2020-12-18-um-15.13.40-724x1024.png","type":"","width":"","height":""}],"twitter_card":"summary_large_image","twitter_misc":{"Gesch\u00e4tzte Lesezeit":"1\u00a0Minute"},"schema":{"@context":"https:\/\/schema.org","@graph":[{"@type":"WebPage","@id":"http:\/\/www.aneta.jetzt\/?page_id=275","url":"http:\/\/www.aneta.jetzt\/?page_id=275","name":"3Haus Projekte - Living Picture","isPartOf":{"@id":"http:\/\/www.aneta.jetzt\/#website"},"primaryImageOfPage":{"@id":"http:\/\/www.aneta.jetzt\/?page_id=275#primaryimage"},"image":{"@id":"http:\/\/www.aneta.jetzt\/?page_id=275#primaryimage"},"thumbnailUrl":"http:\/\/www.aneta.jetzt\/wp-content\/uploads\/2020\/12\/Bildschirmfoto-2020-12-18-um-15.13.40-724x1024.png","datePublished":"2020-12-18T14:02:01+00:00","dateModified":"2020-12-18T14:22:31+00:00","breadcrumb":{"@id":"http:\/\/www.aneta.jetzt\/?page_id=275#breadcrumb"},"inLanguage":"de","potentialAction":[{"@type":"ReadAction","target":["http:\/\/www.aneta.jetzt\/?page_id=275"]}]},{"@type":"ImageObject","inLanguage":"de","@id":"http:\/\/www.aneta.jetzt\/?page_id=275#primaryimage","url":"http:\/\/www.aneta.jetzt\/wp-content\/uploads\/2020\/12\/Bildschirmfoto-2020-12-18-um-15.13.40.png","contentUrl":"http:\/\/www.aneta.jetzt\/wp-content\/uploads\/2020\/12\/Bildschirmfoto-2020-12-18-um-15.13.40.png","width":1126,"height":1592},{"@type":"BreadcrumbList","@id":"http:\/\/www.aneta.jetzt\/?page_id=275#breadcrumb","itemListElement":[{"@type":"ListItem","position":1,"name":"Startseite","item":"http:\/\/www.aneta.jetzt\/"},{"@type":"ListItem","position":2,"name":"3Haus Projekte"}]},{"@type":"WebSite","@id":"http:\/\/www.aneta.jetzt\/#website","url":"http:\/\/www.aneta.jetzt\/","name":"Living Picture","description":"","publisher":{"@id":"http:\/\/www.aneta.jetzt\/#\/schema\/person\/4ea909d89f15635d963dca48fc874a84"},"potentialAction":[{"@type":"SearchAction","target":{"@type":"EntryPoint","urlTemplate":"http:\/\/www.aneta.jetzt\/?s={search_term_string}"},"query-input":{"@type":"PropertyValueSpecification","valueRequired":true,"valueName":"search_term_string"}}],"inLanguage":"de"},{"@type":["Person","Organization"],"@id":"http:\/\/www.aneta.jetzt\/#\/schema\/person\/4ea909d89f15635d963dca48fc874a84","name":"admin","image":{"@type":"ImageObject","inLanguage":"de","@id":"http:\/\/www.aneta.jetzt\/#\/schema\/person\/image\/","url":"http:\/\/www.aneta.jetzt\/wp-content\/uploads\/2020\/12\/dragonfly512.png","contentUrl":"http:\/\/www.aneta.jetzt\/wp-content\/uploads\/2020\/12\/dragonfly512.png","width":512,"height":372,"caption":"admin"},"logo":{"@id":"http:\/\/www.aneta.jetzt\/#\/schema\/person\/image\/"},"sameAs":["http:\/\/www.aneta.jetzt"]}]}},"_links":{"self":[{"href":"http:\/\/www.aneta.jetzt\/index.php?rest_route=\/wp\/v2\/pages\/275","targetHints":{"allow":["GET"]}}],"collection":[{"href":"http:\/\/www.aneta.jetzt\/index.php?rest_route=\/wp\/v2\/pages"}],"about":[{"href":"http:\/\/www.aneta.jetzt\/index.php?rest_route=\/wp\/v2\/types\/page"}],"author":[{"embeddable":true,"href":"http:\/\/www.aneta.jetzt\/index.php?rest_route=\/wp\/v2\/users\/1"}],"replies":[{"embeddable":true,"href":"http:\/\/www.aneta.jetzt\/index.php?rest_route=%2Fwp%2Fv2%2Fcomments&post=275"}],"version-history":[{"count":2,"href":"http:\/\/www.aneta.jetzt\/index.php?rest_route=\/wp\/v2\/pages\/275\/revisions"}],"predecessor-version":[{"id":289,"href":"http:\/\/www.aneta.jetzt\/index.php?rest_route=\/wp\/v2\/pages\/275\/revisions\/289"}],"wp:attachment":[{"href":"http:\/\/www.aneta.jetzt\/index.php?rest_route=%2Fwp%2Fv2%2Fmedia&parent=275"}],"curies":[{"name":"wp","href":"https:\/\/api.w.org\/{rel}","templated":true}]}}